{"id":2265,"date":"2023-03-09T19:38:44","date_gmt":"2023-03-09T19:38:44","guid":{"rendered":"https:\/\/tallerdiez.com\/sitio\/?page_id=2265"},"modified":"2023-03-09T19:38:44","modified_gmt":"2023-03-09T19:38:44","slug":"aviso-legal","status":"publish","type":"page","link":"https:\/\/tallerdiez.com\/sitio\/aviso-legal\/","title":{"rendered":"Aviso legal"},"content":{"rendered":"<div id=\"pl-2265\"  class=\"panel-layout\" ><div id=\"pg-2265-0\"  class=\"panel-grid panel-no-style\" ><div id=\"pgc-2265-0-0\"  class=\"panel-grid-cell\" ><div id=\"panel-2265-0-0-0\" class=\"so-panel widget widget_sow-editor panel-first-child panel-last-child\" data-index=\"0\" ><div\n\t\t\t\n\t\t\tclass=\"so-widget-sow-editor so-widget-sow-editor-base\"\n\t\t\t\n\t\t>\n<div class=\"siteorigin-widget-tinymce textwidget\">\n\t<h2 id=\"identificaci\u00f3n-y-titularidad\">Identificaci\u00f3n y Titularidad<\/h2>\n<p>En cumplimiento del art\u00edculo 10 de la Ley 34 \/ 2002, de 11 de julio, de Servicios de la Sociedad de la Informaci\u00f3n y Comercio Electr\u00f3nico, el Titular expone sus datos identificativos.<\/p>\n<ul>\n<li><strong>Titular:<\/strong>\u00a0<span class=\"resaltar\">Nestor Trivino -\u00a0 Tallerdiez<\/span><\/li>\n<li><strong>Domicilio:<\/strong>\u00a0<span class=\"resaltar\">Carrera 2 # 30 61 - Chia Colombia.<\/span><\/li>\n<li><strong>Correo electr\u00f3nico:<\/strong>\u00a0<span class=\"resaltar\">contacto@tallerdiez.com<\/span><\/li>\n<li><strong>Sitio Web<\/strong>\u00a0<span class=\"resaltar\">tallerdiez.com.<\/span><\/li>\n<\/ul>\n<h2 id=\"finalidad\">Finalidad<\/h2>\n<p>La finalidad del sitio tallerdiez.com\u00a0es\u00a0<span class=\"resaltar\">dar contenido relacionado con el elearning<\/span>.<\/p>\n<h2 id=\"condiciones-de-uso\">Condiciones de Uso<\/h2>\n<p>La utilizaci\u00f3n del sitio Web le otorga la condici\u00f3n de Usuario, e implica la aceptaci\u00f3n completa de todas las cl\u00e1usulas y condiciones de uso incluidas en las p\u00e1ginas:<\/p>\n<ul>\n<li>Aviso Legal<\/li>\n<li>Pol\u00edtica de Privacidad<\/li>\n<li>Pol\u00edtica de Cookies<\/li>\n<\/ul>\n<p>Si no estuviera conforme con todas y cada una de estas cl\u00e1usulas y condiciones abst\u00e9ngase de utilizar este sitio Web.<\/p>\n<p>El acceso a este sitio Web no supone, en modo alguno, el inicio de una relaci\u00f3n comercial con el Titular.<\/p>\n<p>A trav\u00e9s de este sitio Web, el Titular le facilita el acceso y la utilizaci\u00f3n de diversos contenidos que el Titular o sus colaboradores han publicadon por medio de Internet.<\/p>\n<p>A tal efecto, usted est\u00e1 obligado y comprometido a NO utilizar cualquiera de los contenidos del sitio Web con fines o efectos il\u00edcitos, prohibidos en este Aviso Legal o por la legislaci\u00f3n vigente, lesivos de los derechos e intereses de terceros, o que de cualquier forma puedan da\u00f1ar, inutilizar, sobrecargar, deteriorar o impedir la normal utilizaci\u00f3n de los contenidos, los equipos inform\u00e1ticos o los documentos, archivos y toda clase de contenidos almacenados en cualquier equipo inform\u00e1tico propios o contratados por el Titular, de otros usuarios o de cualquier usuario de Internet.<\/p>\n<h2 id=\"comentarios-smallopcionalsmall\">Comentarios<\/h2>\n<p>El Titular se reserva el derecho de retirar todos aquellos comentarios que vulneren la legislaci\u00f3n vigente, lesivos de los derechos o intereses de terceros, o que, a su juicio, no resulten adecuados para su publicaci\u00f3n.<\/p>\n<p>El Titular no ser\u00e1 responsable de las opiniones vertidas por los usuarios a trav\u00e9s del sistema de comentarios, redes sociales u otras herramientas de participaci\u00f3n, conforme a lo previsto en la normativa de aplicaci\u00f3n.<\/p>\n<h2 id=\"mayor\u00eda-de-edad-smallopcionalsmall\">Mayor\u00eda de edad<\/h2>\n<p>Usted debe tener al menos 18 a\u00f1os de edad para usar los servicios ofrecidos por el Titular o la mayor\u00eda de edad que se requiera su pa\u00eds para registrarse en el sitio Web o utilizarlo. Si reside en un pa\u00eds que no pertenezca a la Regi\u00f3n europea, debe tener al menos 13 a\u00f1os de edad para usar el sitio Web o la mayor\u00eda de edad que se requiera su pa\u00eds para registrarse en el sitio Web o utilizarlo.<\/p>\n<p>Adem\u00e1s de tener la edad m\u00ednima requerida para usar el sitio Web en virtud de la ley aplicable, si no tiene la edad suficiente para poder aceptar nuestras condiciones en su pa\u00eds, su padre, madre, o tutor deben aceptar nuestras condiciones en su nombre.<\/p>\n<h2 id=\"medidas-de-seguridad\">Medidas de seguridad<\/h2>\n<p>Los datos personales que facilite al Titular pueden ser almacenados en bases de datos automatizadas o no, cuya titularidad corresponde en exclusiva a el Titular, que asume todas las medidas de \u00edndole t\u00e9cnica, organizativa y de seguridad que garantizan la confidencialidad, integridad y calidad de la informaci\u00f3n contenida en las mismas de acuerdo con lo establecido en la normativa vigente en protecci\u00f3n de datos.<\/p>\n<p>No obstante, debe ser consciente de que las medidas de seguridad de los sistemas inform\u00e1ticos en Internet no son enteramente fiables y que, por tanto el Titular no puede garantizar la inexistencia de virus u otros elementos que puedan producir alteraciones en los sistemas inform\u00e1ticos (software y hardware) del Usuario o en sus documentos electr\u00f3nicos y ficheros contenidos en los mismos aunque el Titular pone todos los medios necesarios y toma las medidas de seguridad oportunas para evitar la presencia de estos elementos da\u00f1inos.<\/p>\n<h2 id=\"datos-personales\">Datos personales<\/h2>\n<p>Usted puede consultar toda la informaci\u00f3n relativa al tratamiento de datos personales que recoge el Titular en la p\u00e1gina de la Pol\u00edtica de Privacidad.<\/p>\n<h2 id=\"contenidos\">Contenidos<\/h2>\n<p>El Titular ha obtenido la informaci\u00f3n, el contenido multimedia y los materiales incluidos en el sitio Web de fuentes que considera fiables, pero, si bien ha tomado todas las medidas razonables para asegurar que la informaci\u00f3n contenida es correcta, el Titular no garantiza que sea exacta, completa o actualizada. El Titular declina expresamente cualquier responsabilidad por error u omisi\u00f3n en la informaci\u00f3n contenida en las p\u00e1ginas de este sitio Web.<\/p>\n<p>Queda prohibido transmitir o enviar a trav\u00e9s del sitio Web cualquier contenido ilegal o il\u00edcito, virus inform\u00e1ticos, o mensajes que, en general, afecten o violen derechos de\u00a0el Titular o de terceros.<\/p>\n<p>Los contenidos del Sitio Web tienen \u00fanicamente una finalidad informativa y bajo ninguna circunstancia deben usarse ni considerarse como oferta de venta, solicitud de una oferta de compra ni recomendaci\u00f3n para realizar cualquier otra operaci\u00f3n, salvo que as\u00ed se indique expresamente.<\/p>\n<p>El Titular se reserva el derecho a modificar, suspender, cancelar o restringir el contenido del Sitio Web, los v\u00ednculos o la informaci\u00f3n obtenida a trav\u00e9s del sitio Web, sin necesidad de previo aviso.<\/p>\n<p>El Titular no es responsable de los da\u00f1os y perjuicios que pudieran derivarse de la utilizaci\u00f3n de la informaci\u00f3n del sitio Web o de la contenida en las redes sociales del Titular.<\/p>\n<h2 id=\"pol\u00edtica-de-cookies\">Pol\u00edtica de cookies<\/h2>\n<p>En la p\u00e1gina Pol\u00edtica de Cookies puede consultar toda la informaci\u00f3n relativa a la pol\u00edtica de recogida y tratamiento de las cookies.<\/p>\n<p>El Titular s\u00f3lo obtiene y conserva la siguiente informaci\u00f3n acerca de los visitantes del Sitio Web:<\/p>\n<ul>\n<li>El nombre de dominio del proveedor (PSI) y\/o direcci\u00f3n IP que les da acceso a la red.<\/li>\n<li>La fecha y hora de acceso al sitio Web.<\/li>\n<li>La direcci\u00f3n de Internet origen del enlace que dirige al sitio Web.<\/li>\n<li>El n\u00famero de visitantes diarios de cada secci\u00f3n.<\/li>\n<li>La informaci\u00f3n obtenida es totalmente an\u00f3nima, y en ning\u00fan caso puede ser asociada a un Usuario concreto e identificado.<\/li>\n<\/ul>\n<h2 id=\"enlaces-de-inter\u00e9s-a-otros-sitios-web\">Enlaces de inter\u00e9s a otros sitios Web<\/h2>\n<p>El Titular puede proporcionarle acceso a sitios Web de terceros mediante enlaces con la finalidad de informar sobre la existencia de otras fuentes de informaci\u00f3n en Internet en las que podr\u00e1 ampliar los datos ofrecidos en el sitio Web.<\/p>\n<p>Estos enlaces a otros sitios Web no suponen en ning\u00fan caso una sugerencia o recomendaci\u00f3n para que usted visite las p\u00e1ginas web de destino, que est\u00e1n fuera del control del Titular, por lo que Titular no es responsable del contenido de los sitios web vinculados ni del resultado que obtenga al seguir los enlaces.<\/p>\n<p>Asimismo, el Titular no responde de los links o enlaces ubicados en los sitios web vinculados a los que le proporciona acceso.<\/p>\n<p>El establecimiento del enlace no implica en ning\u00fan caso la existencia de relaciones entre Titular y el propietario del sitio en el que se establezca el enlace, ni la aceptaci\u00f3n o aprobaci\u00f3n por parte del Titular de sus contenidos o servicios.<\/p>\n<p>Si accede a un sitio Web externo desde un enlace que encuentre en el Sitio Web usted deber\u00e1 leer la propia pol\u00edtica de privacidad del otro sitio web que puede ser diferente de la de este sitio Web.<\/p>\n<h2 id=\"enlaces-de-afiliados-y-anuncios-patrocinados-smallopcionalsmall\">Enlaces de Afiliados y anuncios patrocinados<\/h2>\n<p>El sitio Web ofrece contenidos patrocinados, anuncios y\/o enlaces de afiliados.<\/p>\n<p>La informaci\u00f3n que aparece en estos enlaces de afiliados o los anuncios insertados, son facilitados por los propios anunciantes, por lo que Titular no se hace responsable de posibles inexactitudes o errores que pudieran contener los anuncios, ni garantiza en modo alguno la experiencia, integridad o responsabilidad de los anunciantes o la calidad de sus productos y\/o servicios.<\/p>\n<h2 id=\"aviso-legal-de-amazon-afiliados-smallopcionalsmall\">Aviso legal de Amazon Afiliados<\/h2>\n<p>En calidad de Afiliado de Amazon, obtengo ingresos por las compras adscritas que cumplen los requisitos aplicables.<\/p>\n<h2 id=\"propiedad-intelectual-e-industrial\">Propiedad intelectual e industrial<\/h2>\n<p>Todos los derechos est\u00e1n reservados.<\/p>\n<p>Todo acceso a este sitio Web est\u00e1 sujeto a las siguientes condiciones: la reproducci\u00f3n, almacenaje permanente y la difusi\u00f3n de los contenidos o cualquier otro uso que tenga finalidad p\u00fablica o comercial queda expresamente prohibida sin el consentimiento previo expreso y por escrito de Titular.<\/p>\n<h2 id=\"limitaci\u00f3n-de-responsabilidad\">Limitaci\u00f3n de responsabilidad<\/h2>\n<p>La informaci\u00f3n y servicios incluidos o disponibles a trav\u00e9s de este sitio Web pueden incluir incorrecciones o errores tipogr\u00e1ficos. De forma peri\u00f3dica el Titular incorpora mejoras y\/o cambios a la informaci\u00f3n contenida y\/o los Servicios que puede introducir en cualquier momento.<\/p>\n<p>El Titular no declara ni garantiza que los servicios o contenidos sean interrumpidos o que est\u00e9n libres de errores, que los defectos sean corregidos, o que el servicio o el servidor que lo pone a disposici\u00f3n est\u00e9n libres de virus u otros componentes nocivos sin perjuicio de que el Titular realiza todos los esfuerzos en evitar este tipo de incidentes.<\/p>\n<p>Titular declina cualquier responsabilidad en caso de que existan interrupciones o un mal funcionamiento de los Servicios o contenidos ofrecidos en Internet, cualquiera que sea su causa. Asimismo, el Titular no se hace responsable por ca\u00eddas de la red, p\u00e9rdidas de negocio a consecuencia de dichas ca\u00eddas, suspensiones temporales de fluido el\u00e9ctrico o cualquier otro tipo de da\u00f1o indirecto que te pueda ser causado por causas ajenas a el Titular.<\/p>\n<p>Antes de tomar decisiones y\/o acciones con base a la informaci\u00f3n incluida en el sitio Web, el Titular le recomienda comprobar y contrastar la informaci\u00f3n recibida con otras fuentes.<\/p>\n<h2 id=\"derecho-de-exclusi\u00f3n-smallopcionalsmall\">Derecho de exclusi\u00f3n<\/h2>\n<p>Titular se reserva el derecho a denegar o retirar el acceso al sitio Web y los servicios ofrecidos sin necesidad de preaviso, a instancia propia o de un tercero, a aquellos usuarios que incumplan cualquiera de las condiciones de este Aviso Legal.<\/p>\n<h2 id=\"jurisdicci\u00f3n\">Jurisdicci\u00f3n<\/h2>\n<p>Este Aviso Legal se rige \u00edntegramente por la legislaci\u00f3n Colombiana.<\/p>\n<h2 id=\"contacto\">Contacto<\/h2>\n<p>En caso de que usted tenga cualquier duda acerca de estas Condiciones legales o quiera realizar cualquier comentario sobre este sitio Web, puede enviar un mensaje de correo electr\u00f3nico a la direcci\u00f3n\u00a0<span class=\"resaltar\">contacto@tallediez.com.<\/span><\/p>\n<\/div>\n<\/div><\/div><\/div><\/div><\/div>","protected":false},"excerpt":{"rendered":"<p>Identificaci\u00f3n y Titularidad En cumplimiento del art\u00edculo 10 de la Ley 34 \/ 2002, de 11 de julio, de Servicios de la Sociedad de la Informaci\u00f3n y Comercio Electr\u00f3nico, el Titular expone sus datos identificativos. Titular:\u00a0Nestor Trivino &#8211;\u00a0 Tallerdiez Domicilio:\u00a0Carrera 2 # 30 61 &#8211; Chia Colombia. Correo electr\u00f3nico:\u00a0contacto@tallerdiez.com Sitio Web\u00a0tallerdiez.com. Finalidad La finalidad del [&hellip;]<\/p>\n","protected":false},"author":1,"featured_media":1976,"parent":0,"menu_order":0,"comment_status":"closed","ping_status":"closed","template":"","meta":{"_genesis_hide_title":false,"_genesis_hide_breadcrumbs":false,"_genesis_hide_singular_image":false,"_genesis_hide_footer_widgets":false,"_genesis_custom_body_class":"","_genesis_custom_post_class":"","_genesis_layout":"","footnotes":""},"yoast_head":"<!-- This site is optimized with the Yoast SEO plugin v22.3 - https:\/\/yoast.com\/wordpress\/plugins\/seo\/ -->\n<title>Aviso legal - Tallerdiez<\/title>\n<meta name=\"description\" content=\"Aviso legal La utilizaci\u00f3n del sitio Web le otorga la condici\u00f3n de Usuario, e implica la aceptaci\u00f3n completa de todas las cl\u00e1usulas.\" \/>\n<meta name=\"robots\" content=\"index, follow, max-snippet:-1, max-image-preview:large, max-video-preview:-1\" \/>\n<link rel=\"canonical\" href=\"https:\/\/tallerdiez.com\/sitio\/aviso-legal\/\" \/>\n<meta property=\"og:locale\" content=\"es_ES\" \/>\n<meta property=\"og:type\" content=\"article\" \/>\n<meta property=\"og:title\" content=\"Aviso legal - Tallerdiez\" \/>\n<meta property=\"og:description\" content=\"Aviso legal La utilizaci\u00f3n del sitio Web le otorga la condici\u00f3n de Usuario, e implica la aceptaci\u00f3n completa de todas las cl\u00e1usulas.\" \/>\n<meta property=\"og:url\" content=\"https:\/\/tallerdiez.com\/sitio\/aviso-legal\/\" \/>\n<meta property=\"og:site_name\" content=\"Dise\u00f1amos cursos virtuales\" \/>\n<meta property=\"article:publisher\" content=\"https:\/\/www.facebook.com\/taller.diez.1\" \/>\n<meta property=\"og:image\" content=\"https:\/\/tallerdiez.com\/sitio\/wp-content\/uploads\/2023\/03\/banner-blog.jpg\" \/>\n\t<meta property=\"og:image:width\" content=\"1920\" \/>\n\t<meta property=\"og:image:height\" content=\"450\" \/>\n\t<meta property=\"og:image:type\" content=\"image\/jpeg\" \/>\n<meta name=\"twitter:card\" content=\"summary_large_image\" \/>\n<meta name=\"twitter:label1\" content=\"Tiempo de lectura\" \/>\n\t<meta name=\"twitter:data1\" content=\"8 minutos\" \/>\n<script type=\"application\/ld+json\" class=\"yoast-schema-graph\">{\"@context\":\"https:\/\/schema.org\",\"@graph\":[{\"@type\":\"WebPage\",\"@id\":\"https:\/\/tallerdiez.com\/sitio\/aviso-legal\/\",\"url\":\"https:\/\/tallerdiez.com\/sitio\/aviso-legal\/\",\"name\":\"Aviso legal - Tallerdiez\",\"isPartOf\":{\"@id\":\"https:\/\/tallerdiez.com\/sitio\/#website\"},\"primaryImageOfPage\":{\"@id\":\"https:\/\/tallerdiez.com\/sitio\/aviso-legal\/#primaryimage\"},\"image\":{\"@id\":\"https:\/\/tallerdiez.com\/sitio\/aviso-legal\/#primaryimage\"},\"thumbnailUrl\":\"https:\/\/tallerdiez.com\/sitio\/wp-content\/uploads\/2023\/03\/banner-blog.jpg\",\"datePublished\":\"2023-03-09T19:38:44+00:00\",\"dateModified\":\"2023-03-09T19:38:44+00:00\",\"description\":\"Aviso legal La utilizaci\u00f3n del sitio Web le otorga la condici\u00f3n de Usuario, e implica la aceptaci\u00f3n completa de todas las cl\u00e1usulas.\",\"breadcrumb\":{\"@id\":\"https:\/\/tallerdiez.com\/sitio\/aviso-legal\/#breadcrumb\"},\"inLanguage\":\"es\",\"potentialAction\":[{\"@type\":\"ReadAction\",\"target\":[\"https:\/\/tallerdiez.com\/sitio\/aviso-legal\/\"]}]},{\"@type\":\"ImageObject\",\"inLanguage\":\"es\",\"@id\":\"https:\/\/tallerdiez.com\/sitio\/aviso-legal\/#primaryimage\",\"url\":\"https:\/\/tallerdiez.com\/sitio\/wp-content\/uploads\/2023\/03\/banner-blog.jpg\",\"contentUrl\":\"https:\/\/tallerdiez.com\/sitio\/wp-content\/uploads\/2023\/03\/banner-blog.jpg\",\"width\":1920,\"height\":450,\"caption\":\"Dise\u00f1amos cursos virtuales\"},{\"@type\":\"BreadcrumbList\",\"@id\":\"https:\/\/tallerdiez.com\/sitio\/aviso-legal\/#breadcrumb\",\"itemListElement\":[{\"@type\":\"ListItem\",\"position\":1,\"name\":\"Portada\",\"item\":\"https:\/\/tallerdiez.com\/sitio\/\"},{\"@type\":\"ListItem\",\"position\":2,\"name\":\"Aviso legal\"}]},{\"@type\":\"WebSite\",\"@id\":\"https:\/\/tallerdiez.com\/sitio\/#website\",\"url\":\"https:\/\/tallerdiez.com\/sitio\/\",\"name\":\"Taller diez Dise\u00f1amos cursos virtuales\",\"description\":\"Creamos cursos virtuales\",\"publisher\":{\"@id\":\"https:\/\/tallerdiez.com\/sitio\/#organization\"},\"potentialAction\":[{\"@type\":\"SearchAction\",\"target\":{\"@type\":\"EntryPoint\",\"urlTemplate\":\"https:\/\/tallerdiez.com\/sitio\/?s={search_term_string}\"},\"query-input\":\"required name=search_term_string\"}],\"inLanguage\":\"es\"},{\"@type\":\"Organization\",\"@id\":\"https:\/\/tallerdiez.com\/sitio\/#organization\",\"name\":\"Taller diez\",\"url\":\"https:\/\/tallerdiez.com\/sitio\/\",\"logo\":{\"@type\":\"ImageObject\",\"inLanguage\":\"es\",\"@id\":\"https:\/\/tallerdiez.com\/sitio\/#\/schema\/logo\/image\/\",\"url\":\"https:\/\/tallerdiez.com\/sitio\/wp-content\/uploads\/2022\/04\/cropped-logo-curso-virtual-t10.png\",\"contentUrl\":\"https:\/\/tallerdiez.com\/sitio\/wp-content\/uploads\/2022\/04\/cropped-logo-curso-virtual-t10.png\",\"width\":542,\"height\":264,\"caption\":\"Taller diez\"},\"image\":{\"@id\":\"https:\/\/tallerdiez.com\/sitio\/#\/schema\/logo\/image\/\"},\"sameAs\":[\"https:\/\/www.facebook.com\/taller.diez.1\",\"https:\/\/www.youtube.com\/@tallerdiez\"]}]}<\/script>\n<!-- \/ Yoast SEO plugin. -->","yoast_head_json":{"title":"Aviso legal - Tallerdiez","description":"Aviso legal La utilizaci\u00f3n del sitio Web le otorga la condici\u00f3n de Usuario, e implica la aceptaci\u00f3n completa de todas las cl\u00e1usulas.","robots":{"index":"index","follow":"follow","max-snippet":"max-snippet:-1","max-image-preview":"max-image-preview:large","max-video-preview":"max-video-preview:-1"},"canonical":"https:\/\/tallerdiez.com\/sitio\/aviso-legal\/","og_locale":"es_ES","og_type":"article","og_title":"Aviso legal - Tallerdiez","og_description":"Aviso legal La utilizaci\u00f3n del sitio Web le otorga la condici\u00f3n de Usuario, e implica la aceptaci\u00f3n completa de todas las cl\u00e1usulas.","og_url":"https:\/\/tallerdiez.com\/sitio\/aviso-legal\/","og_site_name":"Dise\u00f1amos cursos virtuales","article_publisher":"https:\/\/www.facebook.com\/taller.diez.1","og_image":[{"width":1920,"height":450,"url":"https:\/\/tallerdiez.com\/sitio\/wp-content\/uploads\/2023\/03\/banner-blog.jpg","type":"image\/jpeg"}],"twitter_card":"summary_large_image","twitter_misc":{"Tiempo de lectura":"8 minutos"},"schema":{"@context":"https:\/\/schema.org","@graph":[{"@type":"WebPage","@id":"https:\/\/tallerdiez.com\/sitio\/aviso-legal\/","url":"https:\/\/tallerdiez.com\/sitio\/aviso-legal\/","name":"Aviso legal - Tallerdiez","isPartOf":{"@id":"https:\/\/tallerdiez.com\/sitio\/#website"},"primaryImageOfPage":{"@id":"https:\/\/tallerdiez.com\/sitio\/aviso-legal\/#primaryimage"},"image":{"@id":"https:\/\/tallerdiez.com\/sitio\/aviso-legal\/#primaryimage"},"thumbnailUrl":"https:\/\/tallerdiez.com\/sitio\/wp-content\/uploads\/2023\/03\/banner-blog.jpg","datePublished":"2023-03-09T19:38:44+00:00","dateModified":"2023-03-09T19:38:44+00:00","description":"Aviso legal La utilizaci\u00f3n del sitio Web le otorga la condici\u00f3n de Usuario, e implica la aceptaci\u00f3n completa de todas las cl\u00e1usulas.","breadcrumb":{"@id":"https:\/\/tallerdiez.com\/sitio\/aviso-legal\/#breadcrumb"},"inLanguage":"es","potentialAction":[{"@type":"ReadAction","target":["https:\/\/tallerdiez.com\/sitio\/aviso-legal\/"]}]},{"@type":"ImageObject","inLanguage":"es","@id":"https:\/\/tallerdiez.com\/sitio\/aviso-legal\/#primaryimage","url":"https:\/\/tallerdiez.com\/sitio\/wp-content\/uploads\/2023\/03\/banner-blog.jpg","contentUrl":"https:\/\/tallerdiez.com\/sitio\/wp-content\/uploads\/2023\/03\/banner-blog.jpg","width":1920,"height":450,"caption":"Dise\u00f1amos cursos virtuales"},{"@type":"BreadcrumbList","@id":"https:\/\/tallerdiez.com\/sitio\/aviso-legal\/#breadcrumb","itemListElement":[{"@type":"ListItem","position":1,"name":"Portada","item":"https:\/\/tallerdiez.com\/sitio\/"},{"@type":"ListItem","position":2,"name":"Aviso legal"}]},{"@type":"WebSite","@id":"https:\/\/tallerdiez.com\/sitio\/#website","url":"https:\/\/tallerdiez.com\/sitio\/","name":"Taller diez Dise\u00f1amos cursos virtuales","description":"Creamos cursos virtuales","publisher":{"@id":"https:\/\/tallerdiez.com\/sitio\/#organization"},"potentialAction":[{"@type":"SearchAction","target":{"@type":"EntryPoint","urlTemplate":"https:\/\/tallerdiez.com\/sitio\/?s={search_term_string}"},"query-input":"required name=search_term_string"}],"inLanguage":"es"},{"@type":"Organization","@id":"https:\/\/tallerdiez.com\/sitio\/#organization","name":"Taller diez","url":"https:\/\/tallerdiez.com\/sitio\/","logo":{"@type":"ImageObject","inLanguage":"es","@id":"https:\/\/tallerdiez.com\/sitio\/#\/schema\/logo\/image\/","url":"https:\/\/tallerdiez.com\/sitio\/wp-content\/uploads\/2022\/04\/cropped-logo-curso-virtual-t10.png","contentUrl":"https:\/\/tallerdiez.com\/sitio\/wp-content\/uploads\/2022\/04\/cropped-logo-curso-virtual-t10.png","width":542,"height":264,"caption":"Taller diez"},"image":{"@id":"https:\/\/tallerdiez.com\/sitio\/#\/schema\/logo\/image\/"},"sameAs":["https:\/\/www.facebook.com\/taller.diez.1","https:\/\/www.youtube.com\/@tallerdiez"]}]}},"_links":{"self":[{"href":"https:\/\/tallerdiez.com\/sitio\/wp-json\/wp\/v2\/pages\/2265"}],"collection":[{"href":"https:\/\/tallerdiez.com\/sitio\/wp-json\/wp\/v2\/pages"}],"about":[{"href":"https:\/\/tallerdiez.com\/sitio\/wp-json\/wp\/v2\/types\/page"}],"author":[{"embeddable":true,"href":"https:\/\/tallerdiez.com\/sitio\/wp-json\/wp\/v2\/users\/1"}],"replies":[{"embeddable":true,"href":"https:\/\/tallerdiez.com\/sitio\/wp-json\/wp\/v2\/comments?post=2265"}],"version-history":[{"count":1,"href":"https:\/\/tallerdiez.com\/sitio\/wp-json\/wp\/v2\/pages\/2265\/revisions"}],"predecessor-version":[{"id":2266,"href":"https:\/\/tallerdiez.com\/sitio\/wp-json\/wp\/v2\/pages\/2265\/revisions\/2266"}],"wp:featuredmedia":[{"embeddable":true,"href":"https:\/\/tallerdiez.com\/sitio\/wp-json\/wp\/v2\/media\/1976"}],"wp:attachment":[{"href":"https:\/\/tallerdiez.com\/sitio\/wp-json\/wp\/v2\/media?parent=2265"}],"curies":[{"name":"wp","href":"https:\/\/api.w.org\/{rel}","templated":true}]}}